{"id":58,"date":"2016-02-26T03:42:56","date_gmt":"2016-02-26T03:42:56","guid":{"rendered":"http:\/\/aaacolombiasas.com\/PH\/?page_id=58"},"modified":"2021-10-08T14:07:15","modified_gmt":"2021-10-08T19:07:15","slug":"mantenimiento","status":"publish","type":"page","link":"https:\/\/aaacolombiasas.com\/PH\/mantenimiento\/","title":{"rendered":"Mantenimiento y Limpieza"},"content":{"rendered":"<p>[et_pb_section fb_built=\u00bb1&#8243; admin_label=\u00bbsection\u00bb _builder_version=\u00bb3.22&#8243; global_colors_info=\u00bb{}\u00bb][et_pb_row admin_label=\u00bbrow\u00bb _builder_version=\u00bb3.25&#8243; background_size=\u00bbinitial\u00bb background_position=\u00bbtop_left\u00bb background_repeat=\u00bbrepeat\u00bb global_colors_info=\u00bb{}\u00bb][et_pb_column type=\u00bb4_4&#8243; _builder_version=\u00bb3.25&#8243; custom_padding=\u00bb|||\u00bb global_colors_info=\u00bb{}\u00bb custom_padding__hover=\u00bb|||\u00bb][et_pb_slider show_arrows=\u00bboff\u00bb show_pagination=\u00bboff\u00bb admin_label=\u00bbDeslizador\u00bb _builder_version=\u00bb4.9.4&#8243; header_text_color=\u00bb#181868&#8243; custom_padding=\u00bb|||\u00bb custom_padding_tablet=\u00bb|||\u00bb custom_padding_phone=\u00bb|||\u00bb box_shadow_style=\u00bbpreset6&#8243; box_shadow_blur=\u00bb10px\u00bb box_shadow_color=\u00bbrgba(0,0,0,0.1)\u00bb remove_inner_shadow=\u00bboff\u00bb hide_content_on_mobile=\u00bboff\u00bb hide_cta_on_mobile=\u00bboff\u00bb show_inner_shadow=\u00bbon\u00bb button_letter_spacing_hover=\u00bb0&#8243; global_colors_info=\u00bb{}\u00bb button_text_size__hover_enabled=\u00bboff\u00bb button_one_text_size__hover_enabled=\u00bboff\u00bb button_two_text_size__hover_enabled=\u00bboff\u00bb button_text_color__hover_enabled=\u00bboff\u00bb button_one_text_color__hover_enabled=\u00bboff\u00bb button_two_text_color__hover_enabled=\u00bboff\u00bb button_border_width__hover_enabled=\u00bboff\u00bb button_one_border_width__hover_enabled=\u00bboff\u00bb button_two_border_width__hover_enabled=\u00bboff\u00bb button_border_color__hover_enabled=\u00bboff\u00bb button_one_border_color__hover_enabled=\u00bboff\u00bb button_two_border_color__hover_enabled=\u00bboff\u00bb button_border_radius__hover_enabled=\u00bboff\u00bb button_one_border_radius__hover_enabled=\u00bboff\u00bb button_two_border_radius__hover_enabled=\u00bboff\u00bb button_letter_spacing__hover_enabled=\u00bbon\u00bb button_letter_spacing__hover=\u00bb0&#8243; button_one_letter_spacing__hover_enabled=\u00bboff\u00bb button_two_letter_spacing__hover_enabled=\u00bboff\u00bb button_bg_color__hover_enabled=\u00bboff\u00bb button_one_bg_color__hover_enabled=\u00bboff\u00bb button_two_bg_color__hover_enabled=\u00bboff\u00bb][et_pb_slide heading=\u00bbMANTENIMIENTO Y LIMPIEZA\u00bb image=\u00bbhttp:\/\/aaacolombiasas.com\/PH\/wp-content\/uploads\/2016\/02\/mantenimiento-electrician-2.jpg\u00bb use_bg_overlay=\u00bboff\u00bb use_text_overlay=\u00bbon\u00bb text_overlay_color=\u00bbrgba(30,115,190,0.58)\u00bb _builder_version=\u00bb4.9.4&#8243; header_font=\u00bb|on|||\u00bb header_font_size=\u00bb20&#8243; body_font=\u00bb||||\u00bb body_font_size=\u00bb14&#8243; background_color=\u00bb#ffffff\u00bb background_image=\u00bbhttp:\/\/aaacolombiasas.com\/PH\/wp-content\/uploads\/2016\/02\/579ban33.jpg\u00bb background_enable_image=\u00bbon\u00bb button_icon_placement=\u00bbright\u00bb button_on_hover=\u00bbon\u00bb background_layout=\u00bblight\u00bb header_font_size_tablet=\u00bb20&#8243; header_font_size_phone=\u00bb20&#8243; body_font_size_tablet=\u00bb14&#8243; body_font_size_phone=\u00bb14&#8243; global_colors_info=\u00bb{}\u00bb button_text_size__hover_enabled=\u00bboff\u00bb button_one_text_size__hover_enabled=\u00bboff\u00bb button_two_text_size__hover_enabled=\u00bboff\u00bb button_text_color__hover_enabled=\u00bboff\u00bb button_one_text_color__hover_enabled=\u00bboff\u00bb button_two_text_color__hover_enabled=\u00bboff\u00bb button_border_width__hover_enabled=\u00bboff\u00bb button_one_border_width__hover_enabled=\u00bboff\u00bb button_two_border_width__hover_enabled=\u00bboff\u00bb button_border_color__hover_enabled=\u00bboff\u00bb button_one_border_color__hover_enabled=\u00bboff\u00bb button_two_border_color__hover_enabled=\u00bboff\u00bb button_border_radius__hover_enabled=\u00bboff\u00bb button_one_border_radius__hover_enabled=\u00bboff\u00bb button_two_border_radius__hover_enabled=\u00bboff\u00bb button_letter_spacing__hover_enabled=\u00bboff\u00bb button_one_letter_spacing__hover_enabled=\u00bboff\u00bb button_two_letter_spacing__hover_enabled=\u00bboff\u00bb button_bg_color__hover_enabled=\u00bboff\u00bb button_one_bg_color__hover_enabled=\u00bboff\u00bb button_two_bg_color__hover_enabled=\u00bboff\u00bb sticky_transition=\u00bbon\u00bb]TAREAS<br \/>\n[\/et_pb_slide][\/et_pb_slider][\/et_pb_column][\/et_pb_row][et_pb_row admin_label=\u00bbFila\u00bb _builder_version=\u00bb3.25&#8243; background_size=\u00bbinitial\u00bb background_position=\u00bbtop_left\u00bb background_repeat=\u00bbrepeat\u00bb global_colors_info=\u00bb{}\u00bb][et_pb_column type=\u00bb4_4&#8243; _builder_version=\u00bb3.25&#8243; custom_padding=\u00bb|||\u00bb global_colors_info=\u00bb{}\u00bb custom_padding__hover=\u00bb|||\u00bb][et_pb_text admin_label=\u00bbTexto\u00bb _builder_version=\u00bb4.9.4&#8243; text_text_color=\u00bb#181868&#8243; background_size=\u00bbinitial\u00bb background_position=\u00bbtop_left\u00bb background_repeat=\u00bbrepeat\u00bb use_border_color=\u00bboff\u00bb border_color=\u00bb#ffffff\u00bb border_style=\u00bbsolid\u00bb global_colors_info=\u00bb{}\u00bb]<\/p>\n<h2>Tareas y Funciones de Mantenimiento en edificios y conjuntos<\/h2>\n<p>[\/et_pb_text][\/et_pb_column][\/et_pb_row][et_pb_row column_structure=\u00bb1_4,1_4,1_4,1_4&#8243; admin_label=\u00bbFila\u00bb _builder_version=\u00bb3.25&#8243; background_size=\u00bbinitial\u00bb background_position=\u00bbtop_left\u00bb background_repeat=\u00bbrepeat\u00bb global_colors_info=\u00bb{}\u00bb][et_pb_column type=\u00bb1_4&#8243; _builder_version=\u00bb3.25&#8243; custom_padding=\u00bb|||\u00bb global_colors_info=\u00bb{}\u00bb custom_padding__hover=\u00bb|||\u00bb][et_pb_blurb title=\u00bbLimpieza Diaria en edificios y conjuntos\u00bb image=\u00bbhttp:\/\/aaacolombiasas.com\/PH\/wp-content\/uploads\/2016\/02\/mantenimiento-service10.jpg\u00bb alt=\u00bbLimpieza en edificios y conjuntos \u00bb image_max_width=\u00bbnone\u00bb admin_label=\u00bbAnuncio\u00bb _builder_version=\u00bb4.9.4&#8243; background_size=\u00bbinitial\u00bb background_position=\u00bbtop_left\u00bb background_repeat=\u00bbrepeat\u00bb use_border_color=\u00bboff\u00bb border_color=\u00bb#ffffff\u00bb border_style=\u00bbsolid\u00bb global_colors_info=\u00bb{}\u00bb]<\/p>\n<p>Coordinar las tareas de limpieza de la copropiedad es funci\u00f3n que ofrecemos mediante una programaci\u00f3n previamente planeada, tenemos en cuenta tareas diarias y peri\u00f3dicas.<\/p>\n<p>[\/et_pb_blurb][\/et_pb_column][et_pb_column type=\u00bb1_4&#8243; _builder_version=\u00bb3.25&#8243; custom_padding=\u00bb|||\u00bb global_colors_info=\u00bb{}\u00bb custom_padding__hover=\u00bb|||\u00bb][et_pb_blurb title=\u00bbMantenimiento de edificios y conjuntos\u00bb image=\u00bbhttps:\/\/aaacolombiasas.com\/PH\/wp-content\/uploads\/2016\/02\/mantenimiento-462.jpg\u00bb image_max_width=\u00bbnone\u00bb admin_label=\u00bbAnuncio\u00bb _builder_version=\u00bb3.0.87&#8243; background_size=\u00bbinitial\u00bb background_position=\u00bbtop_left\u00bb background_repeat=\u00bbrepeat\u00bb use_border_color=\u00bboff\u00bb border_color=\u00bb#ffffff\u00bb border_style=\u00bbsolid\u00bb global_colors_info=\u00bb{}\u00bb]Cuidar y mantener la infraestructura conforma una serie de tareas que se coordinan desde la administraci\u00f3n; se tiene en cuenta una bit\u00e1cora, para los diversos \u00a0elementos y \u00e1reas\u00a0del conjunto o edificio.<br \/>\n[\/et_pb_blurb][\/et_pb_column][et_pb_column type=\u00bb1_4&#8243; _builder_version=\u00bb3.25&#8243; custom_padding=\u00bb|||\u00bb global_colors_info=\u00bb{}\u00bb custom_padding__hover=\u00bb|||\u00bb][et_pb_blurb title=\u00bbObras en equipos de los edificios y conjuntos \u00bb image=\u00bbhttp:\/\/aaacolombiasas.com\/PH\/wp-content\/uploads\/2016\/02\/Instalacion_equipos-430&#215;280.jpg\u00bb alt=\u00bbobras de mantenimiento en edificios y conjuntos\u00bb image_max_width=\u00bbnone\u00bb admin_label=\u00bbAnuncio\u00bb _builder_version=\u00bb4.9.4&#8243; background_size=\u00bbinitial\u00bb background_position=\u00bbtop_left\u00bb background_repeat=\u00bbrepeat\u00bb use_border_color=\u00bboff\u00bb border_color=\u00bb#ffffff\u00bb border_style=\u00bbsolid\u00bb global_colors_info=\u00bb{}\u00bb]<\/p>\n<p>Equipos como ascensores, moto bombas, plantas el\u00e9ctricas y equipos de computo, entre otros, requieren un plan de mantenimiento tambi\u00e9n.<\/p>\n<p>[\/et_pb_blurb][\/et_pb_column][et_pb_column type=\u00bb1_4&#8243; _builder_version=\u00bb3.25&#8243; custom_padding=\u00bb|||\u00bb global_colors_info=\u00bb{}\u00bb custom_padding__hover=\u00bb|||\u00bb][et_pb_blurb title=\u00bbManejo de basuras y desperdicios en tu conjunto y edificio \u00bb image=\u00bbhttp:\/\/aaacolombiasas.com\/PH\/wp-content\/uploads\/2016\/02\/CanecasGrandes-2.jpg\u00bb alt=\u00bbasuras en propiedad horizontal\u00bb image_max_width=\u00bbnone\u00bb admin_label=\u00bbAnuncio\u00bb _builder_version=\u00bb4.9.4&#8243; background_size=\u00bbinitial\u00bb background_position=\u00bbtop_left\u00bb background_repeat=\u00bbrepeat\u00bb use_border_color=\u00bboff\u00bb border_color=\u00bb#ffffff\u00bb border_style=\u00bbsolid\u00bb global_colors_info=\u00bb{}\u00bb]<\/p>\n<p>Esta importante tarea adem\u00e1s de poder generar ahorros directos a la PH, tambi\u00e9n genera trabajo para poblaci\u00f3n vulnerable, conciencia social y salud a nuestro ecosistema.<\/p>\n<p>[\/et_pb_blurb][\/et_pb_column][\/et_pb_row][et_pb_row column_structure=\u00bb2_3,1_3&#8243; admin_label=\u00bbFila\u00bb _builder_version=\u00bb3.25&#8243; background_size=\u00bbinitial\u00bb background_position=\u00bbtop_left\u00bb background_repeat=\u00bbrepeat\u00bb global_colors_info=\u00bb{}\u00bb][et_pb_column type=\u00bb2_3&#8243; _builder_version=\u00bb3.25&#8243; custom_padding=\u00bb|||\u00bb global_colors_info=\u00bb{}\u00bb custom_padding__hover=\u00bb|||\u00bb][et_pb_tabs active_tab_background_color=\u00bb#d65500&#8243; admin_label=\u00bbPesta\u00f1as\u00bb _builder_version=\u00bb4.6.6&#8243; background_size=\u00bbinitial\u00bb background_position=\u00bbtop_left\u00bb background_repeat=\u00bbrepeat\u00bb use_border_color=\u00bboff\u00bb border_color=\u00bb#ffffff\u00bb border_style=\u00bbsolid\u00bb global_colors_info=\u00bb{}\u00bb][et_pb_tab title=\u00bbVentajas administracion  AAA\u00bb _builder_version=\u00bb4.6.6&#8243; body_font=\u00bb||||\u00bb body_line_height=\u00bb2em\u00bb tab_font=\u00bb||||\u00bb tab_line_height=\u00bb2em\u00bb background_size=\u00bbinitial\u00bb background_position=\u00bbtop_left\u00bb background_repeat=\u00bbrepeat\u00bb body_line_height_tablet=\u00bb2em\u00bb body_line_height_phone=\u00bb2em\u00bb tab_line_height_tablet=\u00bb2em\u00bb tab_line_height_phone=\u00bb2em\u00bb global_colors_info=\u00bb{}\u00bb]<img loading=\"lazy\" decoding=\"async\" class=\"alignnone wp-image-324\" src=\"https:\/\/aaacolombiasas.com\/PH\/wp-content\/uploads\/2016\/02\/2016-3-logo-MIN-AAA.png\" alt=\"2016-3 logo MIN AAA\" width=\"202\" height=\"46\" \/><\/p>\n<ul>\n<li>Experiencia y conocimiento a su disposici\u00f3n.<\/li>\n<li>Implementamos un programa de mantenimiento de equipos y planta, pues prevenir es m\u00e1s econ\u00f3mico que reparar.<\/li>\n<li><strong>AAA Colombia PH,<\/strong>\u00a0recomienda un programa de reciclaje, pues brind beneficios directos e indirectos.<\/li>\n<li>Ahorramos costos con la compra al mayoreo de materiales de aseo y suministros de mantenimiento.<\/li>\n<\/ul>\n<p>[\/et_pb_tab][et_pb_tab title=\u00bbServicio con valor agregado\u00bb _builder_version=\u00bb3.0.48&#8243; body_font=\u00bb||||\u00bb body_line_height=\u00bb2em\u00bb tab_font=\u00bb||||\u00bb tab_line_height=\u00bb2em\u00bb background_size=\u00bbinitial\u00bb background_position=\u00bbtop_left\u00bb background_repeat=\u00bbrepeat\u00bb body_line_height_tablet=\u00bb2em\u00bb body_line_height_phone=\u00bb2em\u00bb tab_line_height_tablet=\u00bb2em\u00bb tab_line_height_phone=\u00bb2em\u00bb global_colors_info=\u00bb{}\u00bb]Algunas de nuestros valores agregados que ofrecemos a las comunidades:<\/p>\n<ul>\n<li>Identificamos mejoras, \u00a0arreglos y procedimientos necesarios: elaboramos propuestas<\/li>\n<li>Manejo t\u00e9cnico de piscinas, equipos de gimnasio, ascensores, motobombas y equipos<\/li>\n<li>Atendemos\u00a0e\u00a0\u00a0implementamos planes de emergencia.<\/li>\n<li>Coordinamos los recursos humanos propios de la comunidad: seguridad, mantenimiento,aseo y proveedores<\/li>\n<li>Implementamos planes de ahorro o procedimientos mas eficientes.<\/li>\n<\/ul>\n<p>&nbsp;<br \/>\n[\/et_pb_tab][et_pb_tab title=\u00bbModalidades en propiedad horizontal\u00bb _builder_version=\u00bb3.0.48&#8243; body_font=\u00bb||||\u00bb body_line_height=\u00bb2em\u00bb tab_font=\u00bb||||\u00bb tab_line_height=\u00bb2em\u00bb background_size=\u00bbinitial\u00bb background_position=\u00bbtop_left\u00bb background_repeat=\u00bbrepeat\u00bb body_line_height_tablet=\u00bb2em\u00bb body_line_height_phone=\u00bb2em\u00bb tab_line_height_tablet=\u00bb2em\u00bb tab_line_height_phone=\u00bb2em\u00bb global_colors_info=\u00bb{}\u00bb]<img loading=\"lazy\" decoding=\"async\" class=\"alignnone size-full wp-image-324\" src=\"https:\/\/aaacolombiasas.com\/PH\/wp-content\/uploads\/2016\/02\/2016-3-logo-MIN-AAA.png\" alt=\"2016-3 logo MIN AAA\" width=\"246\" height=\"56\" \/><\/p>\n<p>Estamos en capacidad de atender la comunidad con sus propios recursos: Contables, Mantenimiento, Instalaciones, \u00a0Esquema de Seguridad y\u00a0Recurso Humano.<br \/>\nOtra modalidad del servicio es proveyendo un servicio integral tanto de recursos t\u00e9cnicos como humanos.<br \/>\nLo m\u00e1s com\u00fan es proveer un servicio combinando tanto recursos de la comunidad como de nuestra empresa.<br \/>\nDos maneras de prestar el servicio es con tiempo parcial en algunos aspectos y la otra\u00a0es con dedicaci\u00f3n exclusiva.<br \/>\n[\/et_pb_tab][et_pb_tab title=\u00bbPagos\u00bb _builder_version=\u00bb3.0.48&#8243; body_font=\u00bb||||\u00bb body_line_height=\u00bb2em\u00bb tab_font=\u00bb||||\u00bb tab_line_height=\u00bb2em\u00bb background_size=\u00bbinitial\u00bb background_position=\u00bbtop_left\u00bb background_repeat=\u00bbrepeat\u00bb body_line_height_tablet=\u00bb2em\u00bb body_line_height_phone=\u00bb2em\u00bb tab_line_height_tablet=\u00bb2em\u00bb tab_line_height_phone=\u00bb2em\u00bb global_colors_info=\u00bb{}\u00bb]Las variables para tasar el servicio dependen de:<\/p>\n<p>Horas de servicio de mantenimiento de la infraestructura,<br \/>\nTama\u00f1o de la comunidad a atender,<br \/>\nTareas a implementar, recurso humano que se requiere,<br \/>\nAreas a mantener y periodicidad:\u00a0jardines, piscinas, salones comunales, gimnasios, canchas, \u00a0zonas BBQ, etc.<br \/>\n[\/et_pb_tab][\/et_pb_tabs][\/et_pb_column][et_pb_column type=\u00bb1_3&#8243; _builder_version=\u00bb3.25&#8243; custom_padding=\u00bb|||\u00bb global_colors_info=\u00bb{}\u00bb custom_padding__hover=\u00bb|||\u00bb][et_pb_image src=\u00bbhttp:\/\/aaacolombiasas.com\/PH\/wp-content\/uploads\/2021\/05\/mantenimiento-service12.jpg\u00bb alt=\u00bbaseo conjuntos y edificios\u00bb title_text=\u00bbaseo conjuntos y edificios\u00bb align_tablet=\u00bbcenter\u00bb align_phone=\u00bb\u00bb align_last_edited=\u00bbon|desktop\u00bb admin_label=\u00bbImagen\u00bb _builder_version=\u00bb4.9.4&#8243; animation_style=\u00bbslide\u00bb animation_direction=\u00bbleft\u00bb animation_duration=\u00bb500ms\u00bb animation_intensity_slide=\u00bb10%\u00bb use_border_color=\u00bboff\u00bb border_color=\u00bb#ffffff\u00bb border_style=\u00bbsolid\u00bb animation=\u00bbleft\u00bb sticky=\u00bboff\u00bb always_center_on_mobile=\u00bbon\u00bb global_colors_info=\u00bb{}\u00bb] [\/et_pb_image][et_pb_button button_url=\u00bbhttps:\/\/wa.me\/message\/2ABYXM6QKHEII1&#8243; url_new_window=\u00bbon\u00bb button_text=\u00bbContacto Whatsapp Ahora !\u00bb _builder_version=\u00bb4.11.2&#8243; _module_preset=\u00bbdefault\u00bb custom_button=\u00bbon\u00bb button_text_color=\u00bb#ffffff\u00bb button_bg_color=\u00bb#7cda24&#8243; animation_style=\u00bbfade\u00bb hover_enabled=\u00bb0&#8243; box_shadow_style=\u00bbpreset4&#8243; global_colors_info=\u00bb{}\u00bb sticky_enabled=\u00bb0&#8243;][\/et_pb_button][\/et_pb_column][\/et_pb_row][\/et_pb_section]<\/p>\n","protected":false},"excerpt":{"rendered":"<p>TAREAS Tareas y Funciones de Mantenimiento en edificios y conjuntosCoordinar las tareas de limpieza de la copropiedad es funci\u00f3n que ofrecemos mediante una programaci\u00f3n previamente planeada, tenemos en cuenta tareas diarias y peri\u00f3dicas.Cuidar y mantener la infraestructura conforma una serie de tareas que se coordinan desde la administraci\u00f3n; se tiene en cuenta una bit\u00e1cora, para [&hellip;]<\/p>\n","protected":false},"author":1,"featured_media":59,"parent":0,"menu_order":4,"comment_status":"closed","ping_status":"closed","template":"","meta":{"_et_pb_use_builder":"on","_et_pb_old_content":"","_et_gb_content_width":"","footnotes":""},"class_list":["post-58","page","type-page","status-publish","has-post-thumbnail","hentry"],"_links":{"self":[{"href":"https:\/\/aaacolombiasas.com\/PH\/wp-json\/wp\/v2\/pages\/58","targetHints":{"allow":["GET"]}}],"collection":[{"href":"https:\/\/aaacolombiasas.com\/PH\/wp-json\/wp\/v2\/pages"}],"about":[{"href":"https:\/\/aaacolombiasas.com\/PH\/wp-json\/wp\/v2\/types\/page"}],"author":[{"embeddable":true,"href":"https:\/\/aaacolombiasas.com\/PH\/wp-json\/wp\/v2\/users\/1"}],"replies":[{"embeddable":true,"href":"https:\/\/aaacolombiasas.com\/PH\/wp-json\/wp\/v2\/comments?post=58"}],"version-history":[{"count":4,"href":"https:\/\/aaacolombiasas.com\/PH\/wp-json\/wp\/v2\/pages\/58\/revisions"}],"predecessor-version":[{"id":760,"href":"https:\/\/aaacolombiasas.com\/PH\/wp-json\/wp\/v2\/pages\/58\/revisions\/760"}],"wp:featuredmedia":[{"embeddable":true,"href":"https:\/\/aaacolombiasas.com\/PH\/wp-json\/wp\/v2\/media\/59"}],"wp:attachment":[{"href":"https:\/\/aaacolombiasas.com\/PH\/wp-json\/wp\/v2\/media?parent=58"}],"curies":[{"name":"wp","href":"https:\/\/api.w.org\/{rel}","templated":true}]}}